{"id":3,"date":"2019-03-21T19:52:22","date_gmt":"2019-03-21T19:52:22","guid":{"rendered":"https:\/\/muitoincrivel.com\/mx\/?page_id=3"},"modified":"2024-03-13T12:53:25","modified_gmt":"2024-03-13T15:53:25","slug":"politica-de-privacidad","status":"publish","type":"page","link":"https:\/\/muitoincrivel.com\/mx\/politica-de-privacidad\/","title":{"rendered":"Pol\u00edtica de Privacidad"},"content":{"rendered":"<p>Esta pol\u00edtica de privacidad establece c\u00f3mo Muy Incredible usa y protege cualquier informaci\u00f3n que usted brinde mientras usa <a href=\"http:\/\/muitoincrivel.com\">muitoincrivel.com<\/a>. Tenga en cuenta: no use este sitio ni ning\u00fan servicio afiliado si no est\u00e1 de acuerdo con esta Pol\u00edtica de privacidad y nuestra Pol\u00edtica de divulgaci\u00f3n.<\/p>\n<p>Su privacidad es importante para nosotros. Nunca venderemos, distribuiremos ni compartiremos su informaci\u00f3n personal con nadie. Si desea eliminar su direcci\u00f3n de correo electr\u00f3nico de nuestra lista de suscripci\u00f3n o eliminar un comentario anterior en el sitio, cont\u00e1ctenos en: contato@muitoincrivel.com.<\/p>\n<p>Los usuarios pueden optar por no recibir publicidad personalizada que se muestra en nuestro sitio web a trav\u00e9s del <a href=\"https:\/\/myadcenter.google.com\/home?sasb=true&amp;ref=ad-settings\">enlace<\/a>.<\/p>\n<h3>Qu\u00e9 datos personales recopilamos y por qu\u00e9 los recopilamos:<\/h3>\n<p>Cuando visita nuestro sitio web, algunos datos se recopilan autom\u00e1ticamente, como su direcci\u00f3n IP, nombre de dominio, sistema operativo y tipo de navegador, la duraci\u00f3n y el tiempo de su visita y las p\u00e1ginas que visita en nuestro sitio.<\/p>\n<p>Cuando nos env\u00eda un correo electr\u00f3nico o comenta en nuestro sitio, la informaci\u00f3n personal que se recopila tambi\u00e9n incluye su nombre y direcci\u00f3n de correo electr\u00f3nico. Tenga en cuenta: usted es el \u00fanico responsable de cualquier informaci\u00f3n que elija enviar en el formulario de comentarios de una publicaci\u00f3n en muitoincrivel.com. Tus comentarios pueden ser le\u00eddos por cualquier persona, as\u00ed que tenlo en cuenta al comentar.<\/p>\n<p>La informaci\u00f3n recopilada en este sitio se utiliza con fines administrativos, de mantenimiento del sitio y para mejorar la experiencia del usuario en el futuro. Algunos ejemplos pueden incluir comprender cu\u00e1ntas personas visitan cada p\u00e1gina de este sitio, qu\u00e9 tipos de dispositivos leen este sitio y comprender c\u00f3mo las personas encuentran nuestro sitio.<\/p>\n<h3>Cu\u00e1nto tiempo conservamos sus datos:<\/h3>\n<p>Si deja un comentario, el comentario y sus metadatos se conservan indefinidamente. Esto es para que podamos reconocer y aprobar cualquier comentario de seguimiento autom\u00e1ticamente en lugar de mantenerlos en una cola de moderaci\u00f3n. Mantenemos registros anal\u00edticos indefinidamente a menos que la ley exija lo contrario.<\/p>\n<h3>Cookies y Servicios de Terceros:<\/h3>\n<p>Una cookie es un peque\u00f1o archivo que solicita permiso para colocarse en el disco duro de su computadora. Una vez que acepta, el archivo se agrega y la cookie ayuda a analizar el tr\u00e1fico web o le permite saber cu\u00e1ndo visita un sitio en particular. Las cookies permiten que las aplicaciones web le respondan como individuo. La aplicaci\u00f3n web puede adaptar sus operaciones a sus necesidades, gustos y disgustos al recopilar y recordar informaci\u00f3n sobre sus preferencias.<\/p>\n<p>Puede optar por aceptar o rechazar las cookies. La mayor\u00eda de los navegadores web aceptan autom\u00e1ticamente las cookies, pero generalmente puede modificar la configuraci\u00f3n de su navegador para rechazar las cookies si lo prefiere. Esto puede impedirle aprovechar al m\u00e1ximo el sitio web.<\/p>\n<p>Podemos utilizar proveedores de servicios de publicidad para ayudar a presentar anuncios en el sitio web. Estos proveedores externos pueden usar cookies, balizas web o tecnolog\u00edas similares para mostrarle anuncios adaptados a los intereses que ha mostrado al navegar en este y otros sitios que ha visitado, para determinar si ha visto un anuncio en particular antes y para evitar enviarle anuncios duplicados. Al hacerlo, estos proveedores pueden recopilar datos no personales, como su tipo de navegador, su sistema operativo, las p\u00e1ginas web visitadas, la hora de las visitas, el contenido visto, los anuncios vistos y otros datos de flujo de clics. El uso de cookies, balizas web o tecnolog\u00edas similares por parte de estos proveedores de servicios publicitarios est\u00e1 sujeto a sus propias pol\u00edticas de privacidad, no a las nuestras, y este sitio se exime de toda responsabilidad en relaci\u00f3n con las cookies utilizadas por los proveedores de servicios publicitarios.<\/p>\n<p>Si desea obtener m\u00e1s informaci\u00f3n sobre las opciones que tiene para limitar la recopilaci\u00f3n de informaci\u00f3n por parte de redes publicitarias de terceros, puede consultar el sitio web de\u00a0Network Advertising Initiative\u00a0.<\/p>\n<p>Para obtener m\u00e1s informaci\u00f3n sobre c\u00f3mo administrar y eliminar cookies, visite\u00a0\u00a0<a href=\"http:\/\/aboutcookies.org\">aboutcookies.org<\/a>\u00a0. Para obtener a\u00fan m\u00e1s detalles sobre las cookies publicitarias y c\u00f3mo administrarlas, visite\u00a0aboutads.info\u00a0\u00a0(con sede en EE. UU.).<\/p>\n<h3>Publicidad de Google:<\/h3>\n<p>Google, como proveedor de anuncios de terceros, utiliza la cookie DoubleClick DART cuando muestra anuncios de AdSense para contenido. Para obtener m\u00e1s informaci\u00f3n, visite\u00a0<a href=\"https:\/\/policies.google.com\/privacy\">las pol\u00edticas de privacidad de publicidad de Google<\/a>\u00a0, o para optar por no participar,\u00a0<a href=\"https:\/\/policies.google.com\/technologies\/partner-sites\">vaya aqu\u00ed<\/a>\u00a0.<\/p>\n<h3>Pol\u00edtica antispam:<\/h3>\n<p>Cumplimos con las Leyes Anti Spam. Si elige participar y suscribirse a nuestros correos electr\u00f3nicos, tendr\u00e1 la opci\u00f3n de darse de baja de nuestros correos electr\u00f3nicos incluidos en cada correo electr\u00f3nico que reciba de nosotros.<\/p>\n<h3>Enlaces de terceros:<\/h3>\n<p>muitoincrivel.com contiene enlaces a otros sitios web de inter\u00e9s. Una vez que haya utilizado estos enlaces para salir de muitoincrivel.com, debe tener en cuenta que no tenemos ning\u00fan control sobre ese otro sitio web. Por lo tanto, no podemos ser responsables de la protecci\u00f3n y privacidad de cualquier informaci\u00f3n que proporcione al visitar dichos sitios y dichos sitios no se rigen por esta declaraci\u00f3n de privacidad. Debe tener precauci\u00f3n y revisar la pol\u00edtica de privacidad aplicable al sitio web en cuesti\u00f3n.<\/p>\n<h3>Cambios en la pol\u00edtica de privacidad:<\/h3>\n<p>Muy Incredible se reserva el derecho de cambiar y actualizar esta Pol\u00edtica de Privacidad en cualquier momento. Si se actualiza o cambia, la Pol\u00edtica de privacidad revisada entrar\u00e1 en vigencia de inmediato. Consulte esta p\u00e1gina regularmente para asegurarse de que est\u00e1 de acuerdo con la Pol\u00edtica de privacidad actual. No use este sitio ni ning\u00fan servicio afiliado si no est\u00e1 de acuerdo con esta Pol\u00edtica de privacidad y nuestra Pol\u00edtica de divulgaci\u00f3n.<\/p>\n","protected":false},"excerpt":{"rendered":"<p>Esta pol\u00edtica de privacidad establece c\u00f3mo Muy Incredible usa y protege cualquier informaci\u00f3n que usted brinde mientras usa muitoincrivel.com. Tenga en cuenta: no use este sitio ni ning\u00fan servicio afiliado si no est\u00e1 de acuerdo con esta Pol\u00edtica de privacidad y nuestra Pol\u00edtica de divulgaci\u00f3n. Su privacidad es importante para nosotros. Nunca venderemos, distribuiremos ni [&hellip;]<\/p>\n","protected":false},"author":1,"featured_media":0,"parent":0,"menu_order":0,"comment_status":"closed","ping_status":"closed","template":"","meta":{"_acf_changed":false,"footnotes":""},"class_list":["post-3","page","type-page","status-publish","hentry"],"acf":[],"yoast_head":"<!-- This site is optimized with the Yoast SEO plugin v26.8 - https:\/\/yoast.com\/product\/yoast-seo-wordpress\/ -->\n<title>Pol\u00edtica de Privacidad &#8212; Muy Incre\u00edble<\/title>\n<meta name=\"robots\" content=\"index, follow, max-snippet:-1, max-image-preview:large, max-video-preview:-1\" \/>\n<link rel=\"canonical\" href=\"https:\/\/muitoincrivel.com\/mx\/politica-de-privacidad\/\" \/>\n<meta property=\"og:locale\" content=\"es_MX\" \/>\n<meta property=\"og:type\" content=\"article\" \/>\n<meta property=\"og:title\" content=\"Pol\u00edtica de Privacidad &#8212; Muy Incre\u00edble\" \/>\n<meta property=\"og:description\" content=\"Esta pol\u00edtica de privacidad establece c\u00f3mo Muy Incredible usa y protege cualquier informaci\u00f3n que usted brinde mientras usa muitoincrivel.com. Tenga en cuenta: no use este sitio ni ning\u00fan servicio afiliado si no est\u00e1 de acuerdo con esta Pol\u00edtica de privacidad y nuestra Pol\u00edtica de divulgaci\u00f3n. Su privacidad es importante para nosotros. Nunca venderemos, distribuiremos ni [&hellip;]\" \/>\n<meta property=\"og:url\" content=\"https:\/\/muitoincrivel.com\/mx\/politica-de-privacidad\/\" \/>\n<meta property=\"og:site_name\" content=\"Muy Incre\u00edble\" \/>\n<meta property=\"article:modified_time\" content=\"2024-03-13T15:53:25+00:00\" \/>\n<meta name=\"twitter:card\" content=\"summary_large_image\" \/>\n<meta name=\"twitter:label1\" content=\"Tiempo de lectura\" \/>\n\t<meta name=\"twitter:data1\" content=\"5 minutos\" \/>\n<script type=\"application\/ld+json\" class=\"yoast-schema-graph\">{\"@context\":\"https:\/\/schema.org\",\"@graph\":[{\"@type\":\"WebPage\",\"@id\":\"https:\/\/muitoincrivel.com\/mx\/politica-de-privacidad\/\",\"url\":\"https:\/\/muitoincrivel.com\/mx\/politica-de-privacidad\/\",\"name\":\"Pol\u00edtica de Privacidad &#8212; Muy Incre\u00edble\",\"isPartOf\":{\"@id\":\"https:\/\/muitoincrivel.com\/mx\/#website\"},\"datePublished\":\"2019-03-21T19:52:22+00:00\",\"dateModified\":\"2024-03-13T15:53:25+00:00\",\"breadcrumb\":{\"@id\":\"https:\/\/muitoincrivel.com\/mx\/politica-de-privacidad\/#breadcrumb\"},\"inLanguage\":\"es\",\"potentialAction\":[{\"@type\":\"ReadAction\",\"target\":[\"https:\/\/muitoincrivel.com\/mx\/politica-de-privacidad\/\"]}]},{\"@type\":\"BreadcrumbList\",\"@id\":\"https:\/\/muitoincrivel.com\/mx\/politica-de-privacidad\/#breadcrumb\",\"itemListElement\":[{\"@type\":\"ListItem\",\"position\":1,\"name\":\"P\u00e1gina de inicio\",\"item\":\"https:\/\/muitoincrivel.com\/mx\/\"},{\"@type\":\"ListItem\",\"position\":2,\"name\":\"Pol\u00edtica de Privacidad\"}]},{\"@type\":\"WebSite\",\"@id\":\"https:\/\/muitoincrivel.com\/mx\/#website\",\"url\":\"https:\/\/muitoincrivel.com\/mx\/\",\"name\":\"Muy Incre\u00edble\",\"description\":\"Encuentre consejos financieros y noticias\",\"publisher\":{\"@id\":\"https:\/\/muitoincrivel.com\/mx\/#organization\"},\"potentialAction\":[{\"@type\":\"SearchAction\",\"target\":{\"@type\":\"EntryPoint\",\"urlTemplate\":\"https:\/\/muitoincrivel.com\/mx\/?s={search_term_string}\"},\"query-input\":{\"@type\":\"PropertyValueSpecification\",\"valueRequired\":true,\"valueName\":\"search_term_string\"}}],\"inLanguage\":\"es\"},{\"@type\":\"Organization\",\"@id\":\"https:\/\/muitoincrivel.com\/mx\/#organization\",\"name\":\"Muy Incre\u00edble\",\"url\":\"https:\/\/muitoincrivel.com\/mx\/\",\"logo\":{\"@type\":\"ImageObject\",\"inLanguage\":\"es\",\"@id\":\"https:\/\/muitoincrivel.com\/mx\/#\/schema\/logo\/image\/\",\"url\":\"https:\/\/muitoincrivel.com\/mx\/wp-content\/uploads\/2023\/01\/cropped-Logo-Muy-Incrible-azul-800x600-1.png\",\"contentUrl\":\"https:\/\/muitoincrivel.com\/mx\/wp-content\/uploads\/2023\/01\/cropped-Logo-Muy-Incrible-azul-800x600-1.png\",\"width\":718,\"height\":88,\"caption\":\"Muy Incre\u00edble\"},\"image\":{\"@id\":\"https:\/\/muitoincrivel.com\/mx\/#\/schema\/logo\/image\/\"}}]}<\/script>\n<!-- \/ Yoast SEO plugin. -->","yoast_head_json":{"title":"Pol\u00edtica de Privacidad &#8212; Muy Incre\u00edble","robots":{"index":"index","follow":"follow","max-snippet":"max-snippet:-1","max-image-preview":"max-image-preview:large","max-video-preview":"max-video-preview:-1"},"canonical":"https:\/\/muitoincrivel.com\/mx\/politica-de-privacidad\/","og_locale":"es_MX","og_type":"article","og_title":"Pol\u00edtica de Privacidad &#8212; Muy Incre\u00edble","og_description":"Esta pol\u00edtica de privacidad establece c\u00f3mo Muy Incredible usa y protege cualquier informaci\u00f3n que usted brinde mientras usa muitoincrivel.com. Tenga en cuenta: no use este sitio ni ning\u00fan servicio afiliado si no est\u00e1 de acuerdo con esta Pol\u00edtica de privacidad y nuestra Pol\u00edtica de divulgaci\u00f3n. Su privacidad es importante para nosotros. Nunca venderemos, distribuiremos ni [&hellip;]","og_url":"https:\/\/muitoincrivel.com\/mx\/politica-de-privacidad\/","og_site_name":"Muy Incre\u00edble","article_modified_time":"2024-03-13T15:53:25+00:00","twitter_card":"summary_large_image","twitter_misc":{"Tiempo de lectura":"5 minutos"},"schema":{"@context":"https:\/\/schema.org","@graph":[{"@type":"WebPage","@id":"https:\/\/muitoincrivel.com\/mx\/politica-de-privacidad\/","url":"https:\/\/muitoincrivel.com\/mx\/politica-de-privacidad\/","name":"Pol\u00edtica de Privacidad &#8212; Muy Incre\u00edble","isPartOf":{"@id":"https:\/\/muitoincrivel.com\/mx\/#website"},"datePublished":"2019-03-21T19:52:22+00:00","dateModified":"2024-03-13T15:53:25+00:00","breadcrumb":{"@id":"https:\/\/muitoincrivel.com\/mx\/politica-de-privacidad\/#breadcrumb"},"inLanguage":"es","potentialAction":[{"@type":"ReadAction","target":["https:\/\/muitoincrivel.com\/mx\/politica-de-privacidad\/"]}]},{"@type":"BreadcrumbList","@id":"https:\/\/muitoincrivel.com\/mx\/politica-de-privacidad\/#breadcrumb","itemListElement":[{"@type":"ListItem","position":1,"name":"P\u00e1gina de inicio","item":"https:\/\/muitoincrivel.com\/mx\/"},{"@type":"ListItem","position":2,"name":"Pol\u00edtica de Privacidad"}]},{"@type":"WebSite","@id":"https:\/\/muitoincrivel.com\/mx\/#website","url":"https:\/\/muitoincrivel.com\/mx\/","name":"Muy Incre\u00edble","description":"Encuentre consejos financieros y noticias","publisher":{"@id":"https:\/\/muitoincrivel.com\/mx\/#organization"},"potentialAction":[{"@type":"SearchAction","target":{"@type":"EntryPoint","urlTemplate":"https:\/\/muitoincrivel.com\/mx\/?s={search_term_string}"},"query-input":{"@type":"PropertyValueSpecification","valueRequired":true,"valueName":"search_term_string"}}],"inLanguage":"es"},{"@type":"Organization","@id":"https:\/\/muitoincrivel.com\/mx\/#organization","name":"Muy Incre\u00edble","url":"https:\/\/muitoincrivel.com\/mx\/","logo":{"@type":"ImageObject","inLanguage":"es","@id":"https:\/\/muitoincrivel.com\/mx\/#\/schema\/logo\/image\/","url":"https:\/\/muitoincrivel.com\/mx\/wp-content\/uploads\/2023\/01\/cropped-Logo-Muy-Incrible-azul-800x600-1.png","contentUrl":"https:\/\/muitoincrivel.com\/mx\/wp-content\/uploads\/2023\/01\/cropped-Logo-Muy-Incrible-azul-800x600-1.png","width":718,"height":88,"caption":"Muy Incre\u00edble"},"image":{"@id":"https:\/\/muitoincrivel.com\/mx\/#\/schema\/logo\/image\/"}}]}},"wps_subtitle":"","_links":{"self":[{"href":"https:\/\/muitoincrivel.com\/mx\/wp-json\/wp\/v2\/pages\/3","targetHints":{"allow":["GET"]}}],"collection":[{"href":"https:\/\/muitoincrivel.com\/mx\/wp-json\/wp\/v2\/pages"}],"about":[{"href":"https:\/\/muitoincrivel.com\/mx\/wp-json\/wp\/v2\/types\/page"}],"author":[{"embeddable":true,"href":"https:\/\/muitoincrivel.com\/mx\/wp-json\/wp\/v2\/users\/1"}],"replies":[{"embeddable":true,"href":"https:\/\/muitoincrivel.com\/mx\/wp-json\/wp\/v2\/comments?post=3"}],"version-history":[{"count":4,"href":"https:\/\/muitoincrivel.com\/mx\/wp-json\/wp\/v2\/pages\/3\/revisions"}],"predecessor-version":[{"id":11666,"href":"https:\/\/muitoincrivel.com\/mx\/wp-json\/wp\/v2\/pages\/3\/revisions\/11666"}],"wp:attachment":[{"href":"https:\/\/muitoincrivel.com\/mx\/wp-json\/wp\/v2\/media?parent=3"}],"curies":[{"name":"wp","href":"https:\/\/api.w.org\/{rel}","templated":true}]}}