{"id":7741,"date":"2022-04-22T20:01:16","date_gmt":"2022-04-22T23:01:16","guid":{"rendered":"https:\/\/guiamaisbr.com\/mx\/mx\/?page_id=7741"},"modified":"2022-04-22T20:01:16","modified_gmt":"2022-04-22T23:01:16","slug":"politica-de-cookie","status":"publish","type":"page","link":"https:\/\/muitoincrivel.com\/mx\/politica-de-cookie\/","title":{"rendered":"Pol\u00edtica de cookies"},"content":{"rendered":"\n<h3 class=\"wp-block-heading\">1. \u00bfQu\u00e9 es una Cookie?<\/h3>\n<p>Las cookies son peque\u00f1os archivos de texto o piezas de informaci\u00f3n que se almacenan en su computadora o dispositivo m\u00f3vil (como un tel\u00e9fono inteligente o una tableta) cuando visita nuestros Sitios. Una cookie generalmente contiene el nombre del sitio web del que proviene la cookie, la &#8220;vida \u00fatil&#8221; de la cookie (es decir, cu\u00e1nto tiempo permanecer\u00e1 la cookie en su dispositivo) y un valor, que generalmente es un n\u00famero \u00fanico generado aleatoriamente.<\/p>\n<h3>2. \u00bfPara qu\u00e9 utilizamos las cookies?<\/h3>\n<p>Usamos cookies para que nuestros Sitios sean m\u00e1s f\u00e1ciles de usar y para adaptar mejor los Sitios y nuestros productos a sus intereses y necesidades. Las cookies ayudan a hacer esto, ya que son archivos que los sitios web pueden leer y ejecutar, lo que les permite reconocer al usuario y recordar informaci\u00f3n importante que har\u00e1 que el uso de estos sitios web sea m\u00e1s conveniente (por ejemplo, recordar la configuraci\u00f3n de las preferencias del usuario).<\/p>\n<p>Las cookies tambi\u00e9n se pueden usar para ayudar a acelerar las actividades y experiencias futuras de los usuarios en nuestros Sitios. Tambi\u00e9n usamos cookies para compilar estad\u00edsticas an\u00f3nimas y agregadas que nos permiten comprender c\u00f3mo los usuarios usan nuestros Sitios, lo que nos ayuda a mejorar su estructura y contenido.<\/p>\n\n\n\n<h3 class=\"wp-block-heading\">3. \u00bfQu\u00e9 tipos de cookies utilizamos?<\/h3>\n<p>En nuestros Sitios, utilizamos dos tipos de cookies: las llamadas &#8220;cookies de sesi\u00f3n&#8221; y &#8220;cookies persistentes&#8221;. Las cookies de sesi\u00f3n son cookies temporales que permanecer\u00e1n en el dispositivo del usuario hasta que abandone el sitio web. Las cookies persistentes permanecen en el dispositivo durante mucho m\u00e1s tiempo o hasta que el usuario las elimina manualmente (el tiempo que este tipo de cookie permanece en los dispositivos depender\u00e1 de la duraci\u00f3n o &#8220;vida&#8221; de la cookie espec\u00edfica).<\/p>\n<h5>COOKIES DE TERCEROS<\/h5>\n<p>A veces, usamos otros proveedores, a quienes tambi\u00e9n se les permite instalar\u00a0cookies\u00a0en los dispositivos de los usuarios en nuestro nombre cuando visitan nuestros Sitios, ya que esto les permite brindar los servicios apropiados. Si el usuario desea obtener m\u00e1s informaci\u00f3n sobre estas cookies, as\u00ed como informaci\u00f3n sobre c\u00f3mo optar por no recibirlas, debe consultar las pol\u00edticas de privacidad de dichos proveedores.<\/p>\n<h3>4. \u00bfQu\u00e9 cookies utilizamos?<\/h3>\n<p>A continuaci\u00f3n, enumeramos los diferentes tipos de\u00a0cookies\u00a0que se pueden usar en los sitios de EF. Cabe se\u00f1alar que, en la medida en que la informaci\u00f3n recopilada a trav\u00e9s de las\u00a0cookies\u00a0constituya Informaci\u00f3n Personal, se aplica lo dispuesto en la Pol\u00edtica de Privacidad y complementa la presente Pol\u00edtica de Cookies.<\/p>\n<h5>Galletas Esenciales<\/h5>\n<p>Las cookies esenciales son necesarias para que el Sitio funcione, lo que le permite navegar por el Sitio y utilizar sus servicios y funciones. Sin estas cookies absolutamente necesarias, el Sitio no funcionar\u00e1 tan bien como nos gustar\u00eda, y es posible que no podamos proporcionar el Sitio o ciertos servicios o caracter\u00edsticas asociados con \u00e9l.<\/p>\n\n\n\n<figure class=\"wp-block-table\">\n<table>\n<tbody>\n<tr>\n<th>Tipo de\u00a0<em>Cookie<\/em><\/th>\n<th>Descripci\u00f3n<\/th>\n<th>C\u00f3mo administrar las\u00a0cookies<\/th>\n<\/tr>\n<tr>\n<td>Sesi\u00f3n<\/td>\n<td>Las cookies de sesi\u00f3n se utilizan para mantener el estado de la aplicaci\u00f3n.<\/td>\n<td>Aceptar\/Rechazar a trav\u00e9s de la configuraci\u00f3n del navegador<\/td>\n<\/tr>\n<tr>\n<td>Balanceo de carga<\/td>\n<td>Las cookies de equilibrio de carga se utilizan para distribuir y reducir la carga del servidor.<\/td>\n<td>Aceptar\/Rechazar a trav\u00e9s de la configuraci\u00f3n del navegador<\/td>\n<\/tr>\n<tr>\n<td>ID de usuario<\/td>\n<td>Las cookies de identificaci\u00f3n del usuario se utilizan para garantizar que los usuarios solo vean su propia informaci\u00f3n.<\/td>\n<td>Aceptar\/Rechazar a trav\u00e9s de la configuraci\u00f3n del navegador<\/td>\n<\/tr>\n<tr>\n<td>Seguridad<\/td>\n<td>Las cookies de seguridad se utilizan para controles y verificaciones de seguridad.<\/td>\n<td>Aceptar\/Rechazar a trav\u00e9s de la configuraci\u00f3n del navegador<\/td>\n<\/tr>\n<\/tbody>\n<\/table>\n<\/figure>\n\n\n\n<h3 class=\"wp-block-heading\">Cookies de preferencia<\/h3>\n<p>Las cookies de preferencia recopilan informaci\u00f3n sobre sus elecciones y preferencias, lo que nos permite recordar el idioma u otras configuraciones locales y personalizar el Sitio en consecuencia.<\/p>\n\n\n\n<figure class=\"wp-block-table\">\n<table>\n<tbody>\n<tr>\n<th>Tipo de\u00a0<em>Cookie<\/em><\/th>\n<th>Descripci\u00f3n<\/th>\n<th>C\u00f3mo administrar las\u00a0cookies<\/th>\n<\/tr>\n<tr>\n<td>Idioma<\/td>\n<td>Las cookies de idioma se utilizan para almacenar el idioma que el usuario ha seleccionado y mostrar las opciones correctas.<\/td>\n<td>Aceptar\/Rechazar a trav\u00e9s de la configuraci\u00f3n del navegador<\/td>\n<\/tr>\n<tr>\n<td>Localizaci\u00f3n<\/td>\n<td>La direcci\u00f3n aproximada del usuario (ciudad, estado, pa\u00eds, c\u00f3digo postal), determinada por la direcci\u00f3n IP, se almacena para permitir la selecci\u00f3n autom\u00e1tica del pa\u00eds, mostrando as\u00ed los establecimientos m\u00e1s cercanos al usuario.<\/td>\n<td>Aceptar\/Rechazar a trav\u00e9s de la configuraci\u00f3n del navegador<\/td>\n<\/tr>\n<tr>\n<td>M\u00f3vil<\/td>\n<td>Si el usuario ve el Sitio en un dispositivo m\u00f3vil, se establece una\u00a0cookie\u00a0para indicar que se seleccion\u00f3 el sitio principal (es decir, que el dispositivo es compatible con Flash) o el sitio m\u00f3vil sin Flash.<\/td>\n<td>Aceptar\/Rechazar a trav\u00e9s de la configuraci\u00f3n del navegador<\/td>\n<\/tr>\n<tr>\n<td>Sitio de referencia<\/td>\n<td>El sitio de referencia se registra para comprender mejor la preferencia del usuario.<\/td>\n<td>Aceptar\/Rechazar a trav\u00e9s de la configuraci\u00f3n del navegador<\/td>\n<\/tr>\n<tr>\n<td>\u00daltima visita y actividad<\/td>\n<td>Las fechas de las \u00faltimas visitas y actividades y otra informaci\u00f3n similar se registran para proporcionar a los usuarios actualizaciones sobre &#8220;lo que ha cambiado en el sitio desde su \u00faltima visita&#8221; y para comprender mejor sus preferencias.<\/td>\n<td>Aceptar\/Rechazar a trav\u00e9s de la configuraci\u00f3n del navegador<\/td>\n<\/tr>\n<tr>\n<td>V\u00eddeos vistos recientemente<\/td>\n<td>Las fechas y los t\u00edtulos de los videos vistos recientemente se registran para definir mejor las preferencias del usuario.<\/td>\n<td>Aceptar\/Rechazar a trav\u00e9s de la configuraci\u00f3n del navegador<\/td>\n<\/tr>\n<tr>\n<td><em>Flash Cookies<\/em><\/td>\n<td>\n<p>Las <em>Flashs cookies<\/em> se utilizan para permitir la reproducci\u00f3n de contenido de audio y video.<\/p>\n<\/td>\n<td>Aceptar\/Rechazar a trav\u00e9s de la configuraci\u00f3n del navegador<\/td>\n<\/tr>\n<tr>\n<td>Historial de la p\u00e1gina<\/td>\n<td>Las cookies de historial de p\u00e1gina se utilizan para rastrear la secuencia de p\u00e1ginas que visita el usuario. Si el usuario recibe un mensaje de error cuando visita el Sitio, la informaci\u00f3n de la cookie se guarda en un archivo de registro para informar y resolver errores.<\/td>\n<td>Aceptar\/Rechazar a trav\u00e9s de la configuraci\u00f3n del navegadorr<\/td>\n<\/tr>\n<\/tbody>\n<\/table>\n<\/figure>\n\n\n\n<h3 class=\"wp-block-heading\">Cookies de complementos sociales<\/h3>\n<p>Estas\u00a0cookies\u00a0se utilizan para detectar miembros [y no miembros] de redes sociales, para an\u00e1lisis de investigaci\u00f3n de mercado y desarrollo de productos.<\/p>\n\n\n\n<figure class=\"wp-block-table\">\n<table>\n<tbody>\n<tr>\n<th>Tipo de\u00a0<em>Cookie<\/em><\/th>\n<th>Descripci\u00f3n<\/th>\n<th>C\u00f3mo administrar las\u00a0cookies<\/th>\n<\/tr>\n<tr>\n<td>Facebook<\/td>\n<td>Las cookies se utilizan para monitorear a los miembros [y no miembros] de Facebook, para el an\u00e1lisis de estudios de mercado y el desarrollo de productos.<\/td>\n<td>Aceptar\/Rechazar a trav\u00e9s de la configuraci\u00f3n del navegadorr<\/td>\n<\/tr>\n<tr>\n<td>Twitter<\/td>\n<td>Las cookies se utilizan para monitorear a los miembros [y no miembros] de Twitter, para el an\u00e1lisis de estudios de mercado y el desarrollo de productos.<\/td>\n<td>Aceptar\/Rechazar a trav\u00e9s de la configuraci\u00f3n del navegadorr<\/td>\n<\/tr>\n<\/tbody>\n<\/table>\n<\/figure>\n\n\n\n<h3 class=\"wp-block-heading\">Cookies Anal\u00edticas<\/h3>\n<p>Las cookies anal\u00edticas recopilan informaci\u00f3n sobre el uso del sitio web, lo que nos permite mejorar su funcionamiento. Por ejemplo, las cookies anal\u00edticas nos muestran qu\u00e9 p\u00e1ginas son las m\u00e1s visitadas en el Sitio, nos ayudan a registrar las dificultades que experimentan los usuarios al navegar por el Sitio y nos muestran si nuestra publicidad es efectiva o no. Esto hace posible ver patrones globales de uso del Sitio, en lugar del uso de una sola persona.<\/p>\n\n\n\n<figure class=\"wp-block-table\">\n<table>\n<tbody>\n<tr>\n<th>Tipo de\u00a0<em>Cookie<\/em><\/th>\n<th>Descripci\u00f3n<\/th>\n<th>C\u00f3mo administrar las\u00a0cookies<\/th>\n<\/tr>\n<tr>\n<td>Google analytics<\/td>\n<td>Las cookies de Google Analytics recopilan datos estad\u00edsticos para mejorar la presentaci\u00f3n y la navegaci\u00f3n en el Sitio. Google completa los datos agregados con datos demogr\u00e1ficos y otra informaci\u00f3n de inter\u00e9s para que podamos entender mejor a nuestros visitantes.<\/td>\n<td><a href=\"https:\/\/tools.google.com\/dlpage\/gaoptout\">https:\/\/tools.google.com\/dlpage\/gaoptout<\/a><\/td>\n<\/tr>\n<tr>\n<td>Adobe Omniture<\/td>\n<td>Las cookies anal\u00edticas de Adobe Omniture recopilan datos estad\u00edsticos agregados para mejorar la presentaci\u00f3n y la navegaci\u00f3n en el sitio web.<\/td>\n<td><a href=\"http:\/\/www.adobe.com\/privacy\/opt-out.html#4\">http:\/\/www.adobe.com\/privacy\/opt-out.html#4<\/a><\/td>\n<\/tr>\n<\/tbody>\n<\/table>\n<\/figure>\n\n\n\n<h3 class=\"wp-block-heading\"><strong>Cookies de marketing<\/strong><\/h3>\n<p>Las cookies publicitarias se utilizan con fines de marketing.<\/p>\n\n\n\n<figure class=\"wp-block-table\">\n<table>\n<tbody>\n<tr>\n<th>Tipo de\u00a0<em>Cookie<\/em><\/th>\n<th>Descripci\u00f3n<\/th>\n<th>C\u00f3mo administrar las\u00a0cookies<\/th>\n<\/tr>\n<tr>\n<td>Publicidad<\/td>\n<td>Distribuir publicidad dirigida\/comportamental.<\/td>\n<td>Aceptar\/Rechazar a trav\u00e9s de la configuraci\u00f3n del navegadorr<\/td>\n<\/tr>\n<tr>\n<td>Estudios de mercado<\/td>\n<td>Realizar estudios de mercado.<\/td>\n<td>Aceptar\/Rechazar a trav\u00e9s de la configuraci\u00f3n del navegadorr<\/td>\n<\/tr>\n<tr>\n<td>Campa\u00f1a \/ promoci\u00f3n<\/td>\n<td>Medir la efectividad de la campa\u00f1a.<\/td>\n<td>Aceptar\/Rechazar a trav\u00e9s de la configuraci\u00f3n del navegadorr<\/td>\n<\/tr>\n<tr>\n<td>Detecci\u00f3n de fraude<\/td>\n<td>Detectar fraude de clics.<\/td>\n<td>Aceptar\/Rechazar a trav\u00e9s de la configuraci\u00f3n del navegadorr<\/td>\n<\/tr>\n<\/tbody>\n<\/table>\n<\/figure>\n\n\n\n<h3 class=\"wp-block-heading\">5. \u00bfC\u00f3mo administrar las cookies?<\/h3>\n<p>Si bien la mayor\u00eda de los navegadores de Internet est\u00e1n configurados inicialmente para aceptar cookies autom\u00e1ticamente, muchos tambi\u00e9n permiten al usuario cambiar la configuraci\u00f3n para bloquear las cookies o alertarlo cuando se env\u00edan cookies a su dispositivo.<\/p>\n<p>Adem\u00e1s de las opciones proporcionadas anteriormente, el usuario puede rechazar, aceptar o eliminar las cookies del Sitio en cualquier momento accediendo a la configuraci\u00f3n de su navegador. La informaci\u00f3n sobre el procedimiento a seguir para habilitar, deshabilitar o eliminar las cookies se encuentra en la p\u00e1gina web de su proveedor de Internet.<\/p>\n<p>Cabe se\u00f1alar que si se deshabilitan o eliminan las cookies, no todas las funciones del Sitio podr\u00e1n funcionar seg\u00fan lo previsto. Por ejemplo, es posible que no pueda visitar ciertas \u00e1reas de nuestro Sitio o que no reciba informaci\u00f3n personalizada cuando visite el Sitio.<\/p>\n<p>Si el usuario utiliza diferentes dispositivos para ver y acceder a los Sitios (por ejemplo, computadora, tel\u00e9fono inteligente, tableta, etc.), debe configurar cada navegador en cada dispositivo para cumplir con sus preferencias de cookies.<\/p>\n\n\n\n<h3 class=\"wp-block-heading\">6. Pegatinas de p\u00edxeles<\/h3>\n<p>Algunas de las p\u00e1ginas que el usuario visita en el Sitio tambi\u00e9n pueden recopilar informaci\u00f3n mediante el uso de etiquetas de p\u00edxel (tambi\u00e9n llamadas gifs transparentes), que pueden compartirse con terceros que apoyan directamente las actividades de promoci\u00f3n y desarrollo de nuestro sitio web. Por ejemplo, la informaci\u00f3n de uso del sitio web sobre los visitantes de nuestros Sitios puede compartirse con un tercero, nuestra agencia de publicidad, para que pueda orientar mejor los anuncios en los banners de nuestros sitios web. Sin embargo, la informaci\u00f3n recopilada mediante el uso de estas etiquetas de p\u00edxeles no se puede rastrear directamente hasta la persona con la que se relacionan, aunque pueden estar vinculadas a la informaci\u00f3n personal del usuario.<\/p>\n\n\n\n<h3 class=\"wp-block-heading\">7. Cont\u00e1ctenos<\/h3>\n<p>Si tiene alguna duda acerca de esta Pol\u00edtica de Cookies, por favor p\u00f3ngase en contacto con nosotros.<\/p>\n<p>Tenga en cuenta que las comunicaciones por correo electr\u00f3nico no siempre son seguras; no incluya informaci\u00f3n de tarjetas de cr\u00e9dito o informaci\u00f3n confidencial en los correos electr\u00f3nicos que nos env\u00ede.<\/p>\n","protected":false},"excerpt":{"rendered":"<p>1. \u00bfQu\u00e9 es una Cookie? Las cookies son peque\u00f1os archivos de texto o piezas de informaci\u00f3n que se almacenan en su computadora o dispositivo m\u00f3vil (como un tel\u00e9fono inteligente o una tableta) cuando visita nuestros Sitios. Una cookie generalmente contiene el nombre del sitio web del que proviene la cookie, la &#8220;vida \u00fatil&#8221; de la [&hellip;]<\/p>\n","protected":false},"author":1,"featured_media":0,"parent":0,"menu_order":0,"comment_status":"closed","ping_status":"closed","template":"","meta":{"_acf_changed":false,"footnotes":""},"class_list":["post-7741","page","type-page","status-publish","hentry"],"acf":[],"yoast_head":"<!-- This site is optimized with the Yoast SEO plugin v26.8 - https:\/\/yoast.com\/product\/yoast-seo-wordpress\/ -->\n<title>Pol\u00edtica de cookies &#8212; Muy Incre\u00edble<\/title>\n<meta name=\"robots\" content=\"index, follow, max-snippet:-1, max-image-preview:large, max-video-preview:-1\" \/>\n<link rel=\"canonical\" href=\"https:\/\/muitoincrivel.com\/mx\/politica-de-cookie\/\" \/>\n<meta property=\"og:locale\" content=\"es_MX\" \/>\n<meta property=\"og:type\" content=\"article\" \/>\n<meta property=\"og:title\" content=\"Pol\u00edtica de cookies &#8212; Muy Incre\u00edble\" \/>\n<meta property=\"og:description\" content=\"1. \u00bfQu\u00e9 es una Cookie? Las cookies son peque\u00f1os archivos de texto o piezas de informaci\u00f3n que se almacenan en su computadora o dispositivo m\u00f3vil (como un tel\u00e9fono inteligente o una tableta) cuando visita nuestros Sitios. Una cookie generalmente contiene el nombre del sitio web del que proviene la cookie, la &#8220;vida \u00fatil&#8221; de la [&hellip;]\" \/>\n<meta property=\"og:url\" content=\"https:\/\/muitoincrivel.com\/mx\/politica-de-cookie\/\" \/>\n<meta property=\"og:site_name\" content=\"Muy Incre\u00edble\" \/>\n<meta name=\"twitter:card\" content=\"summary_large_image\" \/>\n<meta name=\"twitter:label1\" content=\"Tiempo de lectura\" \/>\n\t<meta name=\"twitter:data1\" content=\"8 minutos\" \/>\n<script type=\"application\/ld+json\" class=\"yoast-schema-graph\">{\"@context\":\"https:\/\/schema.org\",\"@graph\":[{\"@type\":\"WebPage\",\"@id\":\"https:\/\/muitoincrivel.com\/mx\/politica-de-cookie\/\",\"url\":\"https:\/\/muitoincrivel.com\/mx\/politica-de-cookie\/\",\"name\":\"Pol\u00edtica de cookies &#8212; Muy Incre\u00edble\",\"isPartOf\":{\"@id\":\"https:\/\/muitoincrivel.com\/mx\/#website\"},\"datePublished\":\"2022-04-22T23:01:16+00:00\",\"breadcrumb\":{\"@id\":\"https:\/\/muitoincrivel.com\/mx\/politica-de-cookie\/#breadcrumb\"},\"inLanguage\":\"es\",\"potentialAction\":[{\"@type\":\"ReadAction\",\"target\":[\"https:\/\/muitoincrivel.com\/mx\/politica-de-cookie\/\"]}]},{\"@type\":\"BreadcrumbList\",\"@id\":\"https:\/\/muitoincrivel.com\/mx\/politica-de-cookie\/#breadcrumb\",\"itemListElement\":[{\"@type\":\"ListItem\",\"position\":1,\"name\":\"P\u00e1gina de inicio\",\"item\":\"https:\/\/muitoincrivel.com\/mx\/\"},{\"@type\":\"ListItem\",\"position\":2,\"name\":\"Pol\u00edtica de cookies\"}]},{\"@type\":\"WebSite\",\"@id\":\"https:\/\/muitoincrivel.com\/mx\/#website\",\"url\":\"https:\/\/muitoincrivel.com\/mx\/\",\"name\":\"Muy Incre\u00edble\",\"description\":\"Encuentre consejos financieros y noticias\",\"publisher\":{\"@id\":\"https:\/\/muitoincrivel.com\/mx\/#organization\"},\"potentialAction\":[{\"@type\":\"SearchAction\",\"target\":{\"@type\":\"EntryPoint\",\"urlTemplate\":\"https:\/\/muitoincrivel.com\/mx\/?s={search_term_string}\"},\"query-input\":{\"@type\":\"PropertyValueSpecification\",\"valueRequired\":true,\"valueName\":\"search_term_string\"}}],\"inLanguage\":\"es\"},{\"@type\":\"Organization\",\"@id\":\"https:\/\/muitoincrivel.com\/mx\/#organization\",\"name\":\"Muy Incre\u00edble\",\"url\":\"https:\/\/muitoincrivel.com\/mx\/\",\"logo\":{\"@type\":\"ImageObject\",\"inLanguage\":\"es\",\"@id\":\"https:\/\/muitoincrivel.com\/mx\/#\/schema\/logo\/image\/\",\"url\":\"https:\/\/muitoincrivel.com\/mx\/wp-content\/uploads\/2023\/01\/cropped-Logo-Muy-Incrible-azul-800x600-1.png\",\"contentUrl\":\"https:\/\/muitoincrivel.com\/mx\/wp-content\/uploads\/2023\/01\/cropped-Logo-Muy-Incrible-azul-800x600-1.png\",\"width\":718,\"height\":88,\"caption\":\"Muy Incre\u00edble\"},\"image\":{\"@id\":\"https:\/\/muitoincrivel.com\/mx\/#\/schema\/logo\/image\/\"}}]}<\/script>\n<!-- \/ Yoast SEO plugin. -->","yoast_head_json":{"title":"Pol\u00edtica de cookies &#8212; Muy Incre\u00edble","robots":{"index":"index","follow":"follow","max-snippet":"max-snippet:-1","max-image-preview":"max-image-preview:large","max-video-preview":"max-video-preview:-1"},"canonical":"https:\/\/muitoincrivel.com\/mx\/politica-de-cookie\/","og_locale":"es_MX","og_type":"article","og_title":"Pol\u00edtica de cookies &#8212; Muy Incre\u00edble","og_description":"1. \u00bfQu\u00e9 es una Cookie? Las cookies son peque\u00f1os archivos de texto o piezas de informaci\u00f3n que se almacenan en su computadora o dispositivo m\u00f3vil (como un tel\u00e9fono inteligente o una tableta) cuando visita nuestros Sitios. Una cookie generalmente contiene el nombre del sitio web del que proviene la cookie, la &#8220;vida \u00fatil&#8221; de la [&hellip;]","og_url":"https:\/\/muitoincrivel.com\/mx\/politica-de-cookie\/","og_site_name":"Muy Incre\u00edble","twitter_card":"summary_large_image","twitter_misc":{"Tiempo de lectura":"8 minutos"},"schema":{"@context":"https:\/\/schema.org","@graph":[{"@type":"WebPage","@id":"https:\/\/muitoincrivel.com\/mx\/politica-de-cookie\/","url":"https:\/\/muitoincrivel.com\/mx\/politica-de-cookie\/","name":"Pol\u00edtica de cookies &#8212; Muy Incre\u00edble","isPartOf":{"@id":"https:\/\/muitoincrivel.com\/mx\/#website"},"datePublished":"2022-04-22T23:01:16+00:00","breadcrumb":{"@id":"https:\/\/muitoincrivel.com\/mx\/politica-de-cookie\/#breadcrumb"},"inLanguage":"es","potentialAction":[{"@type":"ReadAction","target":["https:\/\/muitoincrivel.com\/mx\/politica-de-cookie\/"]}]},{"@type":"BreadcrumbList","@id":"https:\/\/muitoincrivel.com\/mx\/politica-de-cookie\/#breadcrumb","itemListElement":[{"@type":"ListItem","position":1,"name":"P\u00e1gina de inicio","item":"https:\/\/muitoincrivel.com\/mx\/"},{"@type":"ListItem","position":2,"name":"Pol\u00edtica de cookies"}]},{"@type":"WebSite","@id":"https:\/\/muitoincrivel.com\/mx\/#website","url":"https:\/\/muitoincrivel.com\/mx\/","name":"Muy Incre\u00edble","description":"Encuentre consejos financieros y noticias","publisher":{"@id":"https:\/\/muitoincrivel.com\/mx\/#organization"},"potentialAction":[{"@type":"SearchAction","target":{"@type":"EntryPoint","urlTemplate":"https:\/\/muitoincrivel.com\/mx\/?s={search_term_string}"},"query-input":{"@type":"PropertyValueSpecification","valueRequired":true,"valueName":"search_term_string"}}],"inLanguage":"es"},{"@type":"Organization","@id":"https:\/\/muitoincrivel.com\/mx\/#organization","name":"Muy Incre\u00edble","url":"https:\/\/muitoincrivel.com\/mx\/","logo":{"@type":"ImageObject","inLanguage":"es","@id":"https:\/\/muitoincrivel.com\/mx\/#\/schema\/logo\/image\/","url":"https:\/\/muitoincrivel.com\/mx\/wp-content\/uploads\/2023\/01\/cropped-Logo-Muy-Incrible-azul-800x600-1.png","contentUrl":"https:\/\/muitoincrivel.com\/mx\/wp-content\/uploads\/2023\/01\/cropped-Logo-Muy-Incrible-azul-800x600-1.png","width":718,"height":88,"caption":"Muy Incre\u00edble"},"image":{"@id":"https:\/\/muitoincrivel.com\/mx\/#\/schema\/logo\/image\/"}}]}},"wps_subtitle":"","_links":{"self":[{"href":"https:\/\/muitoincrivel.com\/mx\/wp-json\/wp\/v2\/pages\/7741","targetHints":{"allow":["GET"]}}],"collection":[{"href":"https:\/\/muitoincrivel.com\/mx\/wp-json\/wp\/v2\/pages"}],"about":[{"href":"https:\/\/muitoincrivel.com\/mx\/wp-json\/wp\/v2\/types\/page"}],"author":[{"embeddable":true,"href":"https:\/\/muitoincrivel.com\/mx\/wp-json\/wp\/v2\/users\/1"}],"replies":[{"embeddable":true,"href":"https:\/\/muitoincrivel.com\/mx\/wp-json\/wp\/v2\/comments?post=7741"}],"version-history":[{"count":0,"href":"https:\/\/muitoincrivel.com\/mx\/wp-json\/wp\/v2\/pages\/7741\/revisions"}],"wp:attachment":[{"href":"https:\/\/muitoincrivel.com\/mx\/wp-json\/wp\/v2\/media?parent=7741"}],"curies":[{"name":"wp","href":"https:\/\/api.w.org\/{rel}","templated":true}]}}