{"id":7743,"date":"2022-04-22T20:02:24","date_gmt":"2022-04-22T23:02:24","guid":{"rendered":"https:\/\/guiamaisbr.com\/mx\/mx\/?page_id=7743"},"modified":"2022-04-22T20:02:24","modified_gmt":"2022-04-22T23:02:24","slug":"terminos-y-condiciones","status":"publish","type":"page","link":"https:\/\/muitoincrivel.com\/mx\/terminos-y-condiciones\/","title":{"rendered":"T\u00e9rminos y Condiciones"},"content":{"rendered":"\n<p>Muy Incre\u00edble (muitoincrivel.com) es un sitio con contenido editorial e informativo accesible a trav\u00e9s de la direcci\u00f3n <a href=\"http:\/\/muitoincrivel.com\">www.muitoincrivel.com<\/a>, referido en esta p\u00e1gina como el \u201csitio\u201d. Es de propiedad de WIZIMMERMANN PUBLICIDADE E MARKETING DIGITAL EIRELI, en lo sucesivo denominada \u201cWIZI\u201d, empresa con sede en Florian\u00f3polis\/SC, registrada bajo el CNPJ n\u00ba 10.498.315\/0001-64 y que puede ser contactada en Avenida Rio Branco, 404, Florian\u00f3polis &#8211; SC, 88015-200, Brasil.<\/p>\n\n\n\n<h2 class=\"wp-block-heading\">1. Pol\u00edtica de uso<\/h2>\n<p>El uso del sitio est\u00e1 sujeto a lo dispuesto en las cl\u00e1usulas contenidas en esta p\u00e1gina, y sujeto al pleno cumplimiento por parte de todos los usuarios, est\u00e9n registrados o no. El incumplimiento puede dar lugar a medidas judiciales y extrajudiciales. Al acceder al sitio, se supone que ha le\u00eddo la versi\u00f3n m\u00e1s reciente de estos T\u00e9rminos de uso. Adem\u00e1s, asumimos que ha aceptado todas las condiciones establecidas aqu\u00ed.<\/p>\n\n\n\n<h2 class=\"wp-block-heading\">2. Derechos de autor<\/h2>\n<p>El sitio web es material protegido por derechos de propiedad intelectual. El mismo y cada uno de sus elementos (textos, fotograf\u00edas, ilustraciones, maquetaci\u00f3n, marcas) utilizados o desarrollados por el sitio web o por WIZI con la autorizaci\u00f3n de sus autores se encuentran debidamente protegidos por las Leyes 9609\/98 y 9610\/98 y escasa legislaci\u00f3n y no pueden ser utilizado de otra manera que no sea para su visualizaci\u00f3n dentro del sitio. Est\u00e1 estrictamente prohibido copiarlo, publicarlo o distribuirlo total o parcialmente en cualquier medio, especialmente comercial. Cualquier uso no autorizado constituir\u00e1 una infracci\u00f3n de los derechos protegidos por la ley, por lo que ser\u00e1 objeto de sanci\u00f3n penal, as\u00ed como de indemnizaci\u00f3n por da\u00f1os materiales y morales en el \u00e1mbito civil.<\/p>\n\n\n\n<h2 class=\"wp-block-heading\">3. Anuncios y fuente de financiaci\u00f3n<\/h2>\n<p>El sitio se financia en su totalidad a trav\u00e9s de la publicidad que se publica en sus p\u00e1ginas. Todos los anuncios y anuncios que se muestran dentro del sitio son desarrollados y son responsabilidad de terceros. WIZI no participa en el desarrollo ni en negociaci\u00f3n alguna y, por ello, se exime de cualquier responsabilidad por los productos o servicios que puedan ser adquiridos por los usuarios, ya que este tipo de transacciones se realizan completamente fuera del sitio web.<\/p>\n\n\n\n<h2 class=\"wp-block-heading\">4. Privacidad<\/h2>\n<p>WIZI, titular del sitio, se compromete a respetar la privacidad de la informaci\u00f3n de sus usuarios, observando siempre la legislaci\u00f3n nacional. La informaci\u00f3n del usuario es confidencial y se almacena en un entorno de servidor con los m\u00e1s altos est\u00e1ndares de seguridad. Puede encontrar m\u00e1s informaci\u00f3n sobre nuestra pol\u00edtica de privacidad en esta p\u00e1gina.<\/p>\n\n\n\n<h2 class=\"wp-block-heading\">5. Descargo de responsabilidad<\/h2>\n<p>Hacemos todo lo posible para garantizar la precisi\u00f3n, exactitud y fiabilidad de todo el contenido del sitio. Sin embargo, no somos responsables de los da\u00f1os que resulten del uso del contenido incluido en el mismo, incluidos, entre otros, el lucro cesante y los da\u00f1os morales o materiales.<\/p>\n<h2>6. Modificaciones a los T\u00e9rminos de Uso<\/h2>\n<p>Nos reservamos el derecho de modificar estos t\u00e9rminos de uso del Sitio en cualquier momento, principalmente en cumplimiento de cualquier nueva regla o legislaci\u00f3n.<\/p>\n<h2>7. Legislaci\u00f3n y Jurisdicci\u00f3n<\/h2>\n<p>Se elige la Jurisdicci\u00f3n del Distrito de Florian\u00f3polis\/SC como competente para resolver judicialmente las divergencias o controversias que surjan de este documento, con renuncia a cualquier otra, por m\u00e1s privilegiada que sea o llegue a ser.<\/p>\n","protected":false},"excerpt":{"rendered":"<p>Muy Incre\u00edble (muitoincrivel.com) es un sitio con contenido editorial e informativo accesible a trav\u00e9s de la direcci\u00f3n www.muitoincrivel.com, referido en esta p\u00e1gina como el \u201csitio\u201d. Es de propiedad de WIZIMMERMANN PUBLICIDADE E MARKETING DIGITAL EIRELI, en lo sucesivo denominada \u201cWIZI\u201d, empresa con sede en Florian\u00f3polis\/SC, registrada bajo el CNPJ n\u00ba 10.498.315\/0001-64 y que puede ser [&hellip;]<\/p>\n","protected":false},"author":1,"featured_media":0,"parent":0,"menu_order":0,"comment_status":"closed","ping_status":"closed","template":"","meta":{"_acf_changed":false,"footnotes":""},"class_list":["post-7743","page","type-page","status-publish","hentry"],"acf":[],"yoast_head":"<!-- This site is optimized with the Yoast SEO plugin v26.8 - https:\/\/yoast.com\/product\/yoast-seo-wordpress\/ -->\n<title>T\u00e9rminos y Condiciones &#8212; Muy Incre\u00edble<\/title>\n<meta name=\"robots\" content=\"index, follow, max-snippet:-1, max-image-preview:large, max-video-preview:-1\" \/>\n<link rel=\"canonical\" href=\"https:\/\/muitoincrivel.com\/mx\/terminos-y-condiciones\/\" \/>\n<meta property=\"og:locale\" content=\"es_MX\" \/>\n<meta property=\"og:type\" content=\"article\" \/>\n<meta property=\"og:title\" content=\"T\u00e9rminos y Condiciones &#8212; Muy Incre\u00edble\" \/>\n<meta property=\"og:description\" content=\"Muy Incre\u00edble (muitoincrivel.com) es un sitio con contenido editorial e informativo accesible a trav\u00e9s de la direcci\u00f3n www.muitoincrivel.com, referido en esta p\u00e1gina como el \u201csitio\u201d. Es de propiedad de WIZIMMERMANN PUBLICIDADE E MARKETING DIGITAL EIRELI, en lo sucesivo denominada \u201cWIZI\u201d, empresa con sede en Florian\u00f3polis\/SC, registrada bajo el CNPJ n\u00ba 10.498.315\/0001-64 y que puede ser [&hellip;]\" \/>\n<meta property=\"og:url\" content=\"https:\/\/muitoincrivel.com\/mx\/terminos-y-condiciones\/\" \/>\n<meta property=\"og:site_name\" content=\"Muy Incre\u00edble\" \/>\n<meta name=\"twitter:card\" content=\"summary_large_image\" \/>\n<meta name=\"twitter:label1\" content=\"Tiempo de lectura\" \/>\n\t<meta name=\"twitter:data1\" content=\"3 minutos\" \/>\n<script type=\"application\/ld+json\" class=\"yoast-schema-graph\">{\"@context\":\"https:\/\/schema.org\",\"@graph\":[{\"@type\":\"WebPage\",\"@id\":\"https:\/\/muitoincrivel.com\/mx\/terminos-y-condiciones\/\",\"url\":\"https:\/\/muitoincrivel.com\/mx\/terminos-y-condiciones\/\",\"name\":\"T\u00e9rminos y Condiciones &#8212; Muy Incre\u00edble\",\"isPartOf\":{\"@id\":\"https:\/\/muitoincrivel.com\/mx\/#website\"},\"datePublished\":\"2022-04-22T23:02:24+00:00\",\"breadcrumb\":{\"@id\":\"https:\/\/muitoincrivel.com\/mx\/terminos-y-condiciones\/#breadcrumb\"},\"inLanguage\":\"es\",\"potentialAction\":[{\"@type\":\"ReadAction\",\"target\":[\"https:\/\/muitoincrivel.com\/mx\/terminos-y-condiciones\/\"]}]},{\"@type\":\"BreadcrumbList\",\"@id\":\"https:\/\/muitoincrivel.com\/mx\/terminos-y-condiciones\/#breadcrumb\",\"itemListElement\":[{\"@type\":\"ListItem\",\"position\":1,\"name\":\"P\u00e1gina de inicio\",\"item\":\"https:\/\/muitoincrivel.com\/mx\/\"},{\"@type\":\"ListItem\",\"position\":2,\"name\":\"T\u00e9rminos y Condiciones\"}]},{\"@type\":\"WebSite\",\"@id\":\"https:\/\/muitoincrivel.com\/mx\/#website\",\"url\":\"https:\/\/muitoincrivel.com\/mx\/\",\"name\":\"Muy Incre\u00edble\",\"description\":\"Encuentre consejos financieros y noticias\",\"publisher\":{\"@id\":\"https:\/\/muitoincrivel.com\/mx\/#organization\"},\"potentialAction\":[{\"@type\":\"SearchAction\",\"target\":{\"@type\":\"EntryPoint\",\"urlTemplate\":\"https:\/\/muitoincrivel.com\/mx\/?s={search_term_string}\"},\"query-input\":{\"@type\":\"PropertyValueSpecification\",\"valueRequired\":true,\"valueName\":\"search_term_string\"}}],\"inLanguage\":\"es\"},{\"@type\":\"Organization\",\"@id\":\"https:\/\/muitoincrivel.com\/mx\/#organization\",\"name\":\"Muy Incre\u00edble\",\"url\":\"https:\/\/muitoincrivel.com\/mx\/\",\"logo\":{\"@type\":\"ImageObject\",\"inLanguage\":\"es\",\"@id\":\"https:\/\/muitoincrivel.com\/mx\/#\/schema\/logo\/image\/\",\"url\":\"https:\/\/muitoincrivel.com\/mx\/wp-content\/uploads\/2023\/01\/cropped-Logo-Muy-Incrible-azul-800x600-1.png\",\"contentUrl\":\"https:\/\/muitoincrivel.com\/mx\/wp-content\/uploads\/2023\/01\/cropped-Logo-Muy-Incrible-azul-800x600-1.png\",\"width\":718,\"height\":88,\"caption\":\"Muy Incre\u00edble\"},\"image\":{\"@id\":\"https:\/\/muitoincrivel.com\/mx\/#\/schema\/logo\/image\/\"}}]}<\/script>\n<!-- \/ Yoast SEO plugin. -->","yoast_head_json":{"title":"T\u00e9rminos y Condiciones &#8212; Muy Incre\u00edble","robots":{"index":"index","follow":"follow","max-snippet":"max-snippet:-1","max-image-preview":"max-image-preview:large","max-video-preview":"max-video-preview:-1"},"canonical":"https:\/\/muitoincrivel.com\/mx\/terminos-y-condiciones\/","og_locale":"es_MX","og_type":"article","og_title":"T\u00e9rminos y Condiciones &#8212; Muy Incre\u00edble","og_description":"Muy Incre\u00edble (muitoincrivel.com) es un sitio con contenido editorial e informativo accesible a trav\u00e9s de la direcci\u00f3n www.muitoincrivel.com, referido en esta p\u00e1gina como el \u201csitio\u201d. Es de propiedad de WIZIMMERMANN PUBLICIDADE E MARKETING DIGITAL EIRELI, en lo sucesivo denominada \u201cWIZI\u201d, empresa con sede en Florian\u00f3polis\/SC, registrada bajo el CNPJ n\u00ba 10.498.315\/0001-64 y que puede ser [&hellip;]","og_url":"https:\/\/muitoincrivel.com\/mx\/terminos-y-condiciones\/","og_site_name":"Muy Incre\u00edble","twitter_card":"summary_large_image","twitter_misc":{"Tiempo de lectura":"3 minutos"},"schema":{"@context":"https:\/\/schema.org","@graph":[{"@type":"WebPage","@id":"https:\/\/muitoincrivel.com\/mx\/terminos-y-condiciones\/","url":"https:\/\/muitoincrivel.com\/mx\/terminos-y-condiciones\/","name":"T\u00e9rminos y Condiciones &#8212; Muy Incre\u00edble","isPartOf":{"@id":"https:\/\/muitoincrivel.com\/mx\/#website"},"datePublished":"2022-04-22T23:02:24+00:00","breadcrumb":{"@id":"https:\/\/muitoincrivel.com\/mx\/terminos-y-condiciones\/#breadcrumb"},"inLanguage":"es","potentialAction":[{"@type":"ReadAction","target":["https:\/\/muitoincrivel.com\/mx\/terminos-y-condiciones\/"]}]},{"@type":"BreadcrumbList","@id":"https:\/\/muitoincrivel.com\/mx\/terminos-y-condiciones\/#breadcrumb","itemListElement":[{"@type":"ListItem","position":1,"name":"P\u00e1gina de inicio","item":"https:\/\/muitoincrivel.com\/mx\/"},{"@type":"ListItem","position":2,"name":"T\u00e9rminos y Condiciones"}]},{"@type":"WebSite","@id":"https:\/\/muitoincrivel.com\/mx\/#website","url":"https:\/\/muitoincrivel.com\/mx\/","name":"Muy Incre\u00edble","description":"Encuentre consejos financieros y noticias","publisher":{"@id":"https:\/\/muitoincrivel.com\/mx\/#organization"},"potentialAction":[{"@type":"SearchAction","target":{"@type":"EntryPoint","urlTemplate":"https:\/\/muitoincrivel.com\/mx\/?s={search_term_string}"},"query-input":{"@type":"PropertyValueSpecification","valueRequired":true,"valueName":"search_term_string"}}],"inLanguage":"es"},{"@type":"Organization","@id":"https:\/\/muitoincrivel.com\/mx\/#organization","name":"Muy Incre\u00edble","url":"https:\/\/muitoincrivel.com\/mx\/","logo":{"@type":"ImageObject","inLanguage":"es","@id":"https:\/\/muitoincrivel.com\/mx\/#\/schema\/logo\/image\/","url":"https:\/\/muitoincrivel.com\/mx\/wp-content\/uploads\/2023\/01\/cropped-Logo-Muy-Incrible-azul-800x600-1.png","contentUrl":"https:\/\/muitoincrivel.com\/mx\/wp-content\/uploads\/2023\/01\/cropped-Logo-Muy-Incrible-azul-800x600-1.png","width":718,"height":88,"caption":"Muy Incre\u00edble"},"image":{"@id":"https:\/\/muitoincrivel.com\/mx\/#\/schema\/logo\/image\/"}}]}},"wps_subtitle":"","_links":{"self":[{"href":"https:\/\/muitoincrivel.com\/mx\/wp-json\/wp\/v2\/pages\/7743","targetHints":{"allow":["GET"]}}],"collection":[{"href":"https:\/\/muitoincrivel.com\/mx\/wp-json\/wp\/v2\/pages"}],"about":[{"href":"https:\/\/muitoincrivel.com\/mx\/wp-json\/wp\/v2\/types\/page"}],"author":[{"embeddable":true,"href":"https:\/\/muitoincrivel.com\/mx\/wp-json\/wp\/v2\/users\/1"}],"replies":[{"embeddable":true,"href":"https:\/\/muitoincrivel.com\/mx\/wp-json\/wp\/v2\/comments?post=7743"}],"version-history":[{"count":0,"href":"https:\/\/muitoincrivel.com\/mx\/wp-json\/wp\/v2\/pages\/7743\/revisions"}],"wp:attachment":[{"href":"https:\/\/muitoincrivel.com\/mx\/wp-json\/wp\/v2\/media?parent=7743"}],"curies":[{"name":"wp","href":"https:\/\/api.w.org\/{rel}","templated":true}]}}