{"id":884,"date":"2022-04-27T22:24:18","date_gmt":"2022-04-27T22:24:18","guid":{"rendered":"https:\/\/muitoincrivel.com\/mx\/?page_id=884"},"modified":"2022-04-27T22:24:18","modified_gmt":"2022-04-27T22:24:18","slug":"disclaimer","status":"publish","type":"page","link":"https:\/\/muitoincrivel.com\/mx\/disclaimer\/","title":{"rendered":"Disclaimer"},"content":{"rendered":"<h3><strong>Atenci\u00f3n:<\/strong><\/h3>\n<p>Muy Incre\u00edble (muitoincrivel.com) en ning\u00fan caso solicita cantidades de dinero para liberar ning\u00fan tipo de producto financiero, ya sea tarjeta de cr\u00e9dito, financiaci\u00f3n o pr\u00e9stamo.<\/p>\n<p>Si esto sucede, h\u00e1ganoslo saber a trav\u00e9s del formulario de inmediato.<\/p>\n<h3><strong>Notas:<\/strong><\/h3>\n<p>Muy Incredible trabaja para mantener toda la informaci\u00f3n lo m\u00e1s actualizada posible. Cabe mencionar que esta informaci\u00f3n puede diferir de la informaci\u00f3n que se encuentra en los sitios web de las instituciones financieras y\/o proveedores de servicios de un sitio web espec\u00edfico. Sobre las instituciones con las que no tenemos alianzas, todos los productos indicados en este sitio web veryincrivel.com no tienen garant\u00eda de que la informaci\u00f3n est\u00e9 actualizada.<\/p>\n<p>Recuerda siempre leer las condiciones de uso y t\u00e9rminos de compra de las entidades financieras que elijas.<\/p>\n<h3><strong>Socios:<\/strong> \u00bfC\u00f3mo monetizamos?<\/h3>\n<p>Recibimos una peque\u00f1a cantidad de publicidad en nuestro sitio web y de nuestros socios cuando referimos a un usuario que solicita un producto o una propuesta. Todo lo que publicamos se basa en revisiones cuantitativas y cualitativas de cada producto. Cabe destacar que nuestros socios pueden influir directamente en los productos que escribimos y revisamos, en el orden de los &#8220;mejores&#8221; art\u00edculos y d\u00f3nde aparecen estos productos en Muy Incre\u00edble.<\/p>\n<p>Teniendo en cuenta que en nuestro sitio web se anuncian varios productos, Muy Incre\u00edble no se hace responsable, de ninguna manera, y no otorga ning\u00fan tipo de garant\u00eda de la calidad y oportunidad de la informaci\u00f3n de todos estos productos, ni de la informaci\u00f3n disponible en nuestro sitio web. .<\/p>\n<h3><strong>Consideraciones<\/strong><\/h3>\n<p>Muy Incre\u00edble se esfuerza por mantener toda la informaci\u00f3n actualizada y precisa. Esta informaci\u00f3n puede diferir de lo que ve en los sitios web de instituciones financieras, proveedores de servicios o el sitio web de un producto espec\u00edfico.<\/p>\n<p>Siempre que elijas tu oferta, lee las condiciones de las entidades financieras y los t\u00e9rminos de adquisici\u00f3n. Muy Incredible no es responsable de las ofertas e informaci\u00f3n publicada en nuestro sitio web. Todos los productos financieros se presentan sin garant\u00eda de que la informaci\u00f3n est\u00e9 actualizada. Siempre que elijas tu oferta, lee las condiciones de las entidades financieras y los t\u00e9rminos de adquisici\u00f3n.<\/p>\n","protected":false},"excerpt":{"rendered":"<p>Atenci\u00f3n: Muy Incre\u00edble (muitoincrivel.com) en ning\u00fan caso solicita cantidades de dinero para liberar ning\u00fan tipo de producto financiero, ya sea tarjeta de cr\u00e9dito, financiaci\u00f3n o pr\u00e9stamo. Si esto sucede, h\u00e1ganoslo saber a trav\u00e9s del formulario de inmediato. Notas: Muy Incredible trabaja para mantener toda la informaci\u00f3n lo m\u00e1s actualizada posible. Cabe mencionar que esta informaci\u00f3n [&hellip;]<\/p>\n","protected":false},"author":1,"featured_media":0,"parent":0,"menu_order":0,"comment_status":"closed","ping_status":"closed","template":"","meta":{"_acf_changed":false,"footnotes":""},"class_list":["post-884","page","type-page","status-publish","hentry"],"acf":[],"yoast_head":"<!-- This site is optimized with the Yoast SEO plugin v26.8 - https:\/\/yoast.com\/product\/yoast-seo-wordpress\/ -->\n<title>Disclaimer &#8212; Muy Incre\u00edble<\/title>\n<meta name=\"robots\" content=\"index, follow, max-snippet:-1, max-image-preview:large, max-video-preview:-1\" \/>\n<link rel=\"canonical\" href=\"https:\/\/muitoincrivel.com\/mx\/disclaimer\/\" \/>\n<meta property=\"og:locale\" content=\"es_MX\" \/>\n<meta property=\"og:type\" content=\"article\" \/>\n<meta property=\"og:title\" content=\"Disclaimer &#8212; Muy Incre\u00edble\" \/>\n<meta property=\"og:description\" content=\"Atenci\u00f3n: Muy Incre\u00edble (muitoincrivel.com) en ning\u00fan caso solicita cantidades de dinero para liberar ning\u00fan tipo de producto financiero, ya sea tarjeta de cr\u00e9dito, financiaci\u00f3n o pr\u00e9stamo. Si esto sucede, h\u00e1ganoslo saber a trav\u00e9s del formulario de inmediato. Notas: Muy Incredible trabaja para mantener toda la informaci\u00f3n lo m\u00e1s actualizada posible. Cabe mencionar que esta informaci\u00f3n [&hellip;]\" \/>\n<meta property=\"og:url\" content=\"https:\/\/muitoincrivel.com\/mx\/disclaimer\/\" \/>\n<meta property=\"og:site_name\" content=\"Muy Incre\u00edble\" \/>\n<meta name=\"twitter:card\" content=\"summary_large_image\" \/>\n<meta name=\"twitter:label1\" content=\"Tiempo de lectura\" \/>\n\t<meta name=\"twitter:data1\" content=\"2 minutos\" \/>\n<script type=\"application\/ld+json\" class=\"yoast-schema-graph\">{\"@context\":\"https:\/\/schema.org\",\"@graph\":[{\"@type\":\"WebPage\",\"@id\":\"https:\/\/muitoincrivel.com\/mx\/disclaimer\/\",\"url\":\"https:\/\/muitoincrivel.com\/mx\/disclaimer\/\",\"name\":\"Disclaimer &#8212; Muy Incre\u00edble\",\"isPartOf\":{\"@id\":\"https:\/\/muitoincrivel.com\/mx\/#website\"},\"datePublished\":\"2022-04-27T22:24:18+00:00\",\"breadcrumb\":{\"@id\":\"https:\/\/muitoincrivel.com\/mx\/disclaimer\/#breadcrumb\"},\"inLanguage\":\"es\",\"potentialAction\":[{\"@type\":\"ReadAction\",\"target\":[\"https:\/\/muitoincrivel.com\/mx\/disclaimer\/\"]}]},{\"@type\":\"BreadcrumbList\",\"@id\":\"https:\/\/muitoincrivel.com\/mx\/disclaimer\/#breadcrumb\",\"itemListElement\":[{\"@type\":\"ListItem\",\"position\":1,\"name\":\"P\u00e1gina de inicio\",\"item\":\"https:\/\/muitoincrivel.com\/mx\/\"},{\"@type\":\"ListItem\",\"position\":2,\"name\":\"Disclaimer\"}]},{\"@type\":\"WebSite\",\"@id\":\"https:\/\/muitoincrivel.com\/mx\/#website\",\"url\":\"https:\/\/muitoincrivel.com\/mx\/\",\"name\":\"Muy Incre\u00edble\",\"description\":\"Encuentre consejos financieros y noticias\",\"publisher\":{\"@id\":\"https:\/\/muitoincrivel.com\/mx\/#organization\"},\"potentialAction\":[{\"@type\":\"SearchAction\",\"target\":{\"@type\":\"EntryPoint\",\"urlTemplate\":\"https:\/\/muitoincrivel.com\/mx\/?s={search_term_string}\"},\"query-input\":{\"@type\":\"PropertyValueSpecification\",\"valueRequired\":true,\"valueName\":\"search_term_string\"}}],\"inLanguage\":\"es\"},{\"@type\":\"Organization\",\"@id\":\"https:\/\/muitoincrivel.com\/mx\/#organization\",\"name\":\"Muy Incre\u00edble\",\"url\":\"https:\/\/muitoincrivel.com\/mx\/\",\"logo\":{\"@type\":\"ImageObject\",\"inLanguage\":\"es\",\"@id\":\"https:\/\/muitoincrivel.com\/mx\/#\/schema\/logo\/image\/\",\"url\":\"https:\/\/muitoincrivel.com\/mx\/wp-content\/uploads\/2023\/01\/cropped-Logo-Muy-Incrible-azul-800x600-1.png\",\"contentUrl\":\"https:\/\/muitoincrivel.com\/mx\/wp-content\/uploads\/2023\/01\/cropped-Logo-Muy-Incrible-azul-800x600-1.png\",\"width\":718,\"height\":88,\"caption\":\"Muy Incre\u00edble\"},\"image\":{\"@id\":\"https:\/\/muitoincrivel.com\/mx\/#\/schema\/logo\/image\/\"}}]}<\/script>\n<!-- \/ Yoast SEO plugin. -->","yoast_head_json":{"title":"Disclaimer &#8212; Muy Incre\u00edble","robots":{"index":"index","follow":"follow","max-snippet":"max-snippet:-1","max-image-preview":"max-image-preview:large","max-video-preview":"max-video-preview:-1"},"canonical":"https:\/\/muitoincrivel.com\/mx\/disclaimer\/","og_locale":"es_MX","og_type":"article","og_title":"Disclaimer &#8212; Muy Incre\u00edble","og_description":"Atenci\u00f3n: Muy Incre\u00edble (muitoincrivel.com) en ning\u00fan caso solicita cantidades de dinero para liberar ning\u00fan tipo de producto financiero, ya sea tarjeta de cr\u00e9dito, financiaci\u00f3n o pr\u00e9stamo. Si esto sucede, h\u00e1ganoslo saber a trav\u00e9s del formulario de inmediato. Notas: Muy Incredible trabaja para mantener toda la informaci\u00f3n lo m\u00e1s actualizada posible. Cabe mencionar que esta informaci\u00f3n [&hellip;]","og_url":"https:\/\/muitoincrivel.com\/mx\/disclaimer\/","og_site_name":"Muy Incre\u00edble","twitter_card":"summary_large_image","twitter_misc":{"Tiempo de lectura":"2 minutos"},"schema":{"@context":"https:\/\/schema.org","@graph":[{"@type":"WebPage","@id":"https:\/\/muitoincrivel.com\/mx\/disclaimer\/","url":"https:\/\/muitoincrivel.com\/mx\/disclaimer\/","name":"Disclaimer &#8212; Muy Incre\u00edble","isPartOf":{"@id":"https:\/\/muitoincrivel.com\/mx\/#website"},"datePublished":"2022-04-27T22:24:18+00:00","breadcrumb":{"@id":"https:\/\/muitoincrivel.com\/mx\/disclaimer\/#breadcrumb"},"inLanguage":"es","potentialAction":[{"@type":"ReadAction","target":["https:\/\/muitoincrivel.com\/mx\/disclaimer\/"]}]},{"@type":"BreadcrumbList","@id":"https:\/\/muitoincrivel.com\/mx\/disclaimer\/#breadcrumb","itemListElement":[{"@type":"ListItem","position":1,"name":"P\u00e1gina de inicio","item":"https:\/\/muitoincrivel.com\/mx\/"},{"@type":"ListItem","position":2,"name":"Disclaimer"}]},{"@type":"WebSite","@id":"https:\/\/muitoincrivel.com\/mx\/#website","url":"https:\/\/muitoincrivel.com\/mx\/","name":"Muy Incre\u00edble","description":"Encuentre consejos financieros y noticias","publisher":{"@id":"https:\/\/muitoincrivel.com\/mx\/#organization"},"potentialAction":[{"@type":"SearchAction","target":{"@type":"EntryPoint","urlTemplate":"https:\/\/muitoincrivel.com\/mx\/?s={search_term_string}"},"query-input":{"@type":"PropertyValueSpecification","valueRequired":true,"valueName":"search_term_string"}}],"inLanguage":"es"},{"@type":"Organization","@id":"https:\/\/muitoincrivel.com\/mx\/#organization","name":"Muy Incre\u00edble","url":"https:\/\/muitoincrivel.com\/mx\/","logo":{"@type":"ImageObject","inLanguage":"es","@id":"https:\/\/muitoincrivel.com\/mx\/#\/schema\/logo\/image\/","url":"https:\/\/muitoincrivel.com\/mx\/wp-content\/uploads\/2023\/01\/cropped-Logo-Muy-Incrible-azul-800x600-1.png","contentUrl":"https:\/\/muitoincrivel.com\/mx\/wp-content\/uploads\/2023\/01\/cropped-Logo-Muy-Incrible-azul-800x600-1.png","width":718,"height":88,"caption":"Muy Incre\u00edble"},"image":{"@id":"https:\/\/muitoincrivel.com\/mx\/#\/schema\/logo\/image\/"}}]}},"wps_subtitle":"","_links":{"self":[{"href":"https:\/\/muitoincrivel.com\/mx\/wp-json\/wp\/v2\/pages\/884","targetHints":{"allow":["GET"]}}],"collection":[{"href":"https:\/\/muitoincrivel.com\/mx\/wp-json\/wp\/v2\/pages"}],"about":[{"href":"https:\/\/muitoincrivel.com\/mx\/wp-json\/wp\/v2\/types\/page"}],"author":[{"embeddable":true,"href":"https:\/\/muitoincrivel.com\/mx\/wp-json\/wp\/v2\/users\/1"}],"replies":[{"embeddable":true,"href":"https:\/\/muitoincrivel.com\/mx\/wp-json\/wp\/v2\/comments?post=884"}],"version-history":[{"count":0,"href":"https:\/\/muitoincrivel.com\/mx\/wp-json\/wp\/v2\/pages\/884\/revisions"}],"wp:attachment":[{"href":"https:\/\/muitoincrivel.com\/mx\/wp-json\/wp\/v2\/media?parent=884"}],"curies":[{"name":"wp","href":"https:\/\/api.w.org\/{rel}","templated":true}]}}